{"id":3,"date":"2023-06-06T11:48:49","date_gmt":"2023-06-06T10:48:49","guid":{"rendered":"http:\/\/parismusically.com\/?page_id=3"},"modified":"2024-07-26T22:03:32","modified_gmt":"2024-07-26T20:03:32","slug":"privacy-policy","status":"publish","type":"page","link":"https:\/\/parismusically.com\/fr\/privacy-policy\/","title":{"rendered":"Mentions l\u00e9gales \/ CGV"},"content":{"rendered":"<div data-elementor-type=\"wp-page\" data-elementor-id=\"3\" class=\"elementor elementor-3\" data-elementor-post-type=\"page\">\n\t\t\t\t<div class=\"elementor-element elementor-element-72b8acd e-con-full e-flex e-con e-parent\" data-id=\"72b8acd\" data-element_type=\"container\" data-e-type=\"container\">\n\t\t\t\t<div class=\"elementor-element elementor-element-9d5e1d1 elementor-widget elementor-widget-heading\" data-id=\"9d5e1d1\" data-element_type=\"widget\" data-e-type=\"widget\" data-widget_type=\"heading.default\">\n\t\t\t\t<div class=\"elementor-widget-container\">\n\t\t\t\t\t<h2 class=\"elementor-heading-title elementor-size-default\">Mentions l\u00e9gales \/ CGV<\/h2>\t\t\t\t<\/div>\n\t\t\t\t<\/div>\n\t\t\t\t<div class=\"elementor-element elementor-element-9215d26 elementor-widget elementor-widget-text-editor\" data-id=\"9215d26\" data-element_type=\"widget\" data-e-type=\"widget\" data-widget_type=\"text-editor.default\">\n\t\t\t\t<div class=\"elementor-widget-container\">\n\t\t\t\t\t\t\t\t\t<p><strong>MENTIONS L\u00c9GALES<\/strong><br \/><br \/>- Le site parismusically.com est la propri\u00e9t\u00e9 de Vojin Jaglicic, l\u2019entrepreneur individuel immatricul\u00e9 RCS de Paris au SIRET : 890 954 860 00015, dont le si\u00e8ge est au 16 rue L\u00e9on Jouhaux, 75010, Paris, France, et joignable sur info@parismusically.com et au +33 6 11 24 83 09.<br \/>- Le site est h\u00e9berg\u00e9 par Hostinger International Ltd. dont l\u2019adresse est 61 Rue Lordou Vironos, 6023, Larnaca, Chypre et joignable par le biais du lien suivant :<br \/>https:\/\/www.hostinger.fr\/contact.<br \/><br \/><br \/><strong>CONDITIONS G\u00c9N\u00c9RALES DE VENTE (CGV)<\/strong><br \/><br \/><strong>- Pr\u00e9ambule.<\/strong> Les pr\u00e9sentes Conditions g\u00e9n\u00e9rales de vente (ci-apr\u00e8s \u00ab les CGV \u00bb) sont conclues entre Vojin Jaglicic, \u00e0 l\u2019entreprise individuelle sise au 16 rue L\u00e9on Jouhaux, 75010 Paris (ci-apr\u00e8s \u00ab Paris musically \u00bb) et le Client (ci-apr\u00e8s \u00ab le Client \u00bb) en tant qu\u2019une personne physique ou morale.<br \/><strong><br \/>\u2013 Objet.<\/strong> Paris musically propose au Client les services des visites guid\u00e9es \u00e0 Paris sur l\u2019histoire de musique de Paris (ci-apr\u00e8s \u00ab les Services \u00bb), men\u00e9es par les musicologues et m\u00e9diateurs de musique. Ces balades ont lieu principalement \u00e0 l\u2019ext\u00e9rieur, sauf dans le cadre d\u2019un partenariat sp\u00e9cifique avec les institutions musicales, indiqu\u00e9 dans l\u2019offre sur le site internet (parismusically.com).<br \/>- Paris musically propose ses services en anglais et en fran\u00e7ais, chaque balade \u00e9tant donn\u00e9e en une langue \u00e0 la fois. La langue du service particulier est indiqu\u00e9e \u00e0 c\u00f4t\u00e9 de son titre lors de la r\u00e9servation (avec les mentions \u00ab English \u00bb et \u00ab Fran\u00e7ais \u00bb).<br \/><br \/>- Paris musically se r\u00e9serve le droit d'ajouter, de supprimer ou de modifier tout ou partie des services qu\u2019elle propose. Les pr\u00e9sentes CGV ont pour objet de r\u00e9gir la mise \u00e0 disposition et l\u2019acc\u00e8s par le Client \u00e0 ces Services, ainsi que l\u2019utilisation qu\u2019il en fait.<br \/>- L\u2019acc\u00e8s aux Services propos\u00e9s sur le Site est r\u00e9serv\u00e9 aux personnes majeures ou mineures accompagn\u00e9es d\u2019un adulte, et implique de la part du Client une acceptation pleine et enti\u00e8re de l\u2019ensemble des pr\u00e9sentes Conditions G\u00e9n\u00e9rales.\n- Le Client confirme donc avoir lu et accept\u00e9 l\u2019int\u00e9gralit\u00e9 des pr\u00e9sentes Conditions G\u00e9n\u00e9rales avant toute utilisation des Services.<br \/><br \/><strong>\u2013 Prix.<\/strong> Les prix des Services sont tous affich\u00e9s en TTC et exprim\u00e9s en euros. Ils ne tiennent pas compte des taux de change et commissions d'un paiement dans une autre devise. Dans ce cas, le montant final d\u00e9bit\u00e9 ne pourra pas \u00eatre garanti. Les paiements se font en ligne (les transactions sont prises en charge et s\u00e9curis\u00e9es par la soci\u00e9t\u00e9 Stripe), par le biais de la carte bancaire ou le compte Paypal, ainsi que sur place, en liquide et par carte bancaire. Les Services sont ouverts \u00e0 toute personne majeure et aux mineurs accompagn\u00e9s d\u2019un adulte.<br \/><br \/><strong>- \u00c9tendue g\u00e9ographique.<\/strong> Paris musically propose les services sur rendez-vous \u00e0 Paris intra-muros et, le cas \u00e9ch\u00e9ant, dans la banlieue proche. La date, l'heure et la dur\u00e9e de visite sont indiqu\u00e9es sur le site, alors que l'adresse est communiqu\u00e9e par courriel une fois la r\u00e9servation effectu\u00e9e en ligne.<br \/><br \/><strong>- Engagements du Client.<\/strong> Le Client s'engage par cons\u00e9quent \u00e0 respecter l'heure de d\u00e9part, les retards de 5 \u00e0 10 minutes pourront \u00eatre tol\u00e9r\u00e9s. Dans le cas d'un retard plus important, il est toutefois possible de rejoindre le groupe en route, les guides restent joignables via les num\u00e9ros de t\u00e9l\u00e9phone communiqu\u00e9s par courriel.<br \/><br \/><strong>- Engagements de l&#039;Organisateur.<\/strong> Paris musically s\u2019engage \u00e0 envoyer l'adresse du rendez-vous au Client, ainsi que de livrer le Service propos\u00e9 tout en respectant l\u2019heure du d\u00e9but convenue et la dur\u00e9e indiqu\u00e9e. Cette derni\u00e8re est donn\u00e9e \u00e0 titre approximatif et peut \u00eatre rallong\u00e9e pour des raisons ind\u00e9pendantes de notre volont\u00e9 (conditions m\u00e9t\u00e9orologiques, probl\u00e8mes techniques, la fluidit\u00e9 de la circulation et autres). Paris musically se r\u00e9serve le droit de refuser de livrer le service au Client en cas de non-respect des r\u00e8gles ou de comportement inappropri\u00e9 (discrimination, agression verbale ou physique, violation de l'ordre public, etc.).<br \/><br \/><strong>- Modalit\u00e9s de r\u00e9servations.<\/strong> Les r\u00e9servations se font sur la page d\u00e9di\u00e9e et via le formulaire dans lequel le Client renseigne les informations n\u00e9cessaires pour la facturation et la communication de l'adresse du rendez-vous, comme son Nom, Pr\u00e9nom, adresse postale, t\u00e9l\u00e9phone portable et l'adresse email. Le Client est ensuite dirig\u00e9 vers le terminal de paiement, sauf dans le choix du paiement sur place. Une fois le r\u00e8glement en ligne effectu\u00e9, le Client re\u00e7oit un premier email de confirmation de r\u00e9servation et de paiement, et un deuxi\u00e8me avec les informations pratiques, telles que la date, l'heure et l'adresse du rendez-vous, ainsi que les num\u00e9ros de contact de(s) guide(s).\n- Paris musically souligne que les achats de service(s) se font uniquement en avance, en ligne ou sur place.<br \/><br \/><strong>- Droit de r\u00e9tractation.<\/strong> Toute annulation jusqu\u2019\u00e0 24h avant le d\u00e9but de Service est sujette au remboursement ou \u00e0 un report sur une autre date propos\u00e9e. Les demandes d'annulation faites au-del\u00e0 de ce d\u00e9lai ne pourront pas b\u00e9n\u00e9ficier de remboursement, mais uniquement de report de date (sans retour des fonds). Les balades sont maintenues en cas de pluie. En cas d'annulation du Service initi\u00e9 par l'Organisateur (maladie d'un guide ou un autre emp\u00eachement), le Client peut opter pour le remboursement ou le report de r\u00e9servation sur une autre date.<br \/><br \/><strong>- Responsabilit\u00e9s.<\/strong> Paris musically d\u00e9cline toute responsabilit\u00e9 sur des circonstances pouvant causer quelque pr\u00e9judice au Client venant des tiers personnes ou en raison des conditions m\u00e9t\u00e9orologiques (catastrophes naturelles, malaises, vols et agressions physiques ou verbales) pendant la dur\u00e9e des Services, ceux-ci ayant lieu sur l\u2019espace public et ainsi \u00e9tant en dehors du champ d\u2019influence de l\u2019Organisateur.<br \/><br \/><strong>- Liens hypertextes.<\/strong> Le Site peut contenir des liens hypertextes vers des contenus \u00e9manant de tiers ou vers des sites Internet exploit\u00e9s par des tiers. Paris musically ne saurait \u00eatre tenu responsable de la qualit\u00e9 et de la v\u00e9racit\u00e9 de leurs contenus, ainsi que des \u00e9ventuels dommages qu\u2019ils pourraient provoquer de son utilisation.<br \/><br \/><strong>- Donn\u00e9es personnelles.<\/strong> La navigation sur ce Site comprend l\u2019acceptation des cookies. Paris musically utilise les outils analytiques afin d\u2019am\u00e9liorer son contenu et services, qui r\u00e9coltent et stockent les donn\u00e9es dans la dur\u00e9e de 14 mois, uniquement dans les fins d\u2019am\u00e9lioration de nos Services et contenus propos\u00e9s. Les donn\u00e9es personnelles collect\u00e9es lors de la r\u00e9servation de Service sont utilis\u00e9es pour la facturation et pour la communication des informations n\u00e9cessaires au bon d\u00e9roulement du rendez-vous. Paris musically s\u2019engage \u00e0 ne pas transmettre les informations personnelles \u00e0 des tiers et informe le Client qu\u2019il, conform\u00e9ment aux articles 38, 39 et 40 de la Loi n\u00b0 78-17 du 6 janvier 1978 relative \u00e0 l'informatique et aux libert\u00e9s, dispose de droit d'acc\u00e8s, de modification et de suppression des donn\u00e9es nominatives le concernant.<br \/><br \/><strong>- Propri\u00e9t\u00e9 intellectuelle.<\/strong> Tout contenu disponible sur le site (logo, images, textes) est soumis au droit \u00e0 la propri\u00e9t\u00e9 intellectuelle et ne peut \u00eatre reproduit et repris sans le consentement pr\u00e9alable des propri\u00e9taires, \u00e0 savoir Paris musically et ses partenaires, sous peine de poursuites civiles ou\/et p\u00e9nales.<br \/><br \/><strong>- Droit applicable.<\/strong> Le Site et les pr\u00e9sentes CGV sont soumis \u00e0 la loi fran\u00e7aise. Tout litige n\u00e9 de leur interpr\u00e9tation ou de leur ex\u00e9cution sera soumis au tribunal comp\u00e9tent situ\u00e9 du ressort g\u00e9ographique de la Cour d\u2019Appel de Paris.<\/p>\t\t\t\t\t\t\t\t<\/div>\n\t\t\t\t<\/div>\n\t\t\t\t<\/div>\n\t\t\t\t<\/div>","protected":false},"excerpt":{"rendered":"<p>Privacy Policy LEGAL INFORMATION &#8211; The parismusically.com website is the property of Vojin Jaglicic, an individual entrepreneur registered in the Paris Trade and Companies Register under SIRET, number 890 954 860 00015, whose registered office is at 16 rue L\u00e9on Jouhaux, 75010, Paris, France, and who can be contacted at info@parismusically.com and +33 6 11 [&hellip;]<\/p>\n","protected":false},"author":1,"featured_media":1128,"parent":0,"menu_order":0,"comment_status":"closed","ping_status":"open","template":"","meta":{"footnotes":""},"class_list":["post-3","page","type-page","status-publish","has-post-thumbnail","hentry"],"_links":{"self":[{"href":"https:\/\/parismusically.com\/fr\/wp-json\/wp\/v2\/pages\/3","targetHints":{"allow":["GET"]}}],"collection":[{"href":"https:\/\/parismusically.com\/fr\/wp-json\/wp\/v2\/pages"}],"about":[{"href":"https:\/\/parismusically.com\/fr\/wp-json\/wp\/v2\/types\/page"}],"author":[{"embeddable":true,"href":"https:\/\/parismusically.com\/fr\/wp-json\/wp\/v2\/users\/1"}],"replies":[{"embeddable":true,"href":"https:\/\/parismusically.com\/fr\/wp-json\/wp\/v2\/comments?post=3"}],"version-history":[{"count":7,"href":"https:\/\/parismusically.com\/fr\/wp-json\/wp\/v2\/pages\/3\/revisions"}],"predecessor-version":[{"id":869,"href":"https:\/\/parismusically.com\/fr\/wp-json\/wp\/v2\/pages\/3\/revisions\/869"}],"wp:featuredmedia":[{"embeddable":true,"href":"https:\/\/parismusically.com\/fr\/wp-json\/wp\/v2\/media\/1128"}],"wp:attachment":[{"href":"https:\/\/parismusically.com\/fr\/wp-json\/wp\/v2\/media?parent=3"}],"curies":[{"name":"wp","href":"https:\/\/api.w.org\/{rel}","templated":true}]}}